{"id":1440,"date":"2020-04-30T10:32:31","date_gmt":"2020-04-30T10:32:31","guid":{"rendered":"https:\/\/nuevo.sucre.net\/?page_id=1440"},"modified":"2025-01-16T09:59:34","modified_gmt":"2025-01-16T14:59:34","slug":"contact","status":"publish","type":"page","link":"https:\/\/www.sucre.net\/en\/contacto\/","title":{"rendered":"Contact Us"},"content":{"rendered":"<div data-elementor-type=\"wp-page\" data-elementor-id=\"1440\" class=\"elementor elementor-1440\">\n\t\t\t\t\t\t<section data-animation-type=\"block\" class=\"elementor-section elementor-top-section elementor-element elementor-element-41ee062 elementor-section-full_width elementor-section-height-min-height animated-slow elementor-section-height-default elementor-section-items-middle animation_type_block sc_fly_static elementor-invisible\" data-id=\"41ee062\" data-element_type=\"section\" data-e-type=\"section\" data-settings=\"{&quot;animation&quot;:&quot;notarius-fadeindown&quot;,&quot;background_background&quot;:&quot;classic&quot;}\">\n\t\t\t\t\t\t\t<div class=\"elementor-background-overlay\"><\/div>\n\t\t\t\t\t\t\t<div class=\"elementor-container elementor-column-gap-extended\">\n\t\t\t\t\t<div class=\"elementor-column elementor-col-100 elementor-top-column elementor-element elementor-element-b2b30c7 sc_inner_width_1_1 sc_content_align_center sc_layouts_column_align_center sc_layouts_column sc_layouts_column_icons_position_left sc_fly_static\" data-id=\"b2b30c7\" data-element_type=\"column\" data-e-type=\"column\">\n\t\t\t<div class=\"elementor-widget-wrap elementor-element-populated\">\n\t\t\t\t\t\t<div data-animation-type=\"block\" class=\"elementor-element elementor-element-e9ffef4 elementor-widget__width-initial home-titular-header animation_type_block sc_fly_static elementor-invisible elementor-widget elementor-widget-heading\" data-id=\"e9ffef4\" data-element_type=\"widget\" data-e-type=\"widget\" data-settings=\"{&quot;_animation&quot;:&quot;notarius-fadeinup&quot;,&quot;_animation_delay&quot;:500,&quot;_animation_tablet&quot;:&quot;notarius-fadeinleft&quot;}\" data-widget_type=\"heading.default\">\n\t\t\t\t\t<h1 class=\"elementor-heading-title elementor-size-default\">CONTACT US<\/h1>\t\t\t\t<\/div>\n\t\t\t\t\t<\/div>\n\t\t<\/div>\n\t\t\t\t\t<\/div>\n\t\t<\/section>\n\t\t\t\t<section data-animation-type=\"block\" class=\"elementor-section elementor-top-section elementor-element elementor-element-263cbc02 animated-slow elementor-section-boxed elementor-section-height-default elementor-section-height-default animation_type_block sc_fly_static elementor-invisible\" data-id=\"263cbc02\" data-element_type=\"section\" data-e-type=\"section\" data-settings=\"{&quot;animation&quot;:&quot;notarius-fadeinup&quot;,&quot;animation_delay&quot;:300}\">\n\t\t\t\t\t\t\t<div class=\"elementor-background-overlay\"><\/div>\n\t\t\t\t\t\t\t<div class=\"elementor-container elementor-column-gap-extended\">\n\t\t\t\t\t<div class=\"elementor-column elementor-col-100 elementor-top-column elementor-element elementor-element-73b72b5f sc_content_align_inherit sc_layouts_column_icons_position_left sc_fly_static\" data-id=\"73b72b5f\" data-element_type=\"column\" data-e-type=\"column\">\n\t\t\t<div class=\"elementor-widget-wrap elementor-element-populated\">\n\t\t\t\t\t\t<div class=\"elementor-element elementor-element-68f20a19 sc_height_huge sc_fly_static elementor-widget elementor-widget-spacer\" data-id=\"68f20a19\" data-element_type=\"widget\" data-e-type=\"widget\" data-widget_type=\"spacer.default\">\n\t\t\t\t\t\t\t<div class=\"elementor-spacer\">\n\t\t\t<div class=\"elementor-spacer-inner\"><\/div>\n\t\t<\/div>\n\t\t\t\t\t\t<\/div>\n\t\t\t\t<section class=\"elementor-section elementor-inner-section elementor-element elementor-element-181995bb elementor-section-boxed elementor-section-height-default elementor-section-height-default sc_fly_static\" data-id=\"181995bb\" data-element_type=\"section\" data-e-type=\"section\">\n\t\t\t\t\t\t<div class=\"elementor-container elementor-column-gap-no\">\n\t\t\t\t\t<div class=\"elementor-column elementor-col-50 elementor-inner-column elementor-element elementor-element-44578c83 sc_content_align_inherit sc_layouts_column_icons_position_left sc_fly_static\" data-id=\"44578c83\" data-element_type=\"column\" data-e-type=\"column\">\n\t\t\t<div class=\"elementor-widget-wrap elementor-element-populated\">\n\t\t\t\t\t\t<div class=\"elementor-element elementor-element-58d5d00c sc_layouts_hide_on_mobile sc_fly_static elementor-widget elementor-widget-spacer\" data-id=\"58d5d00c\" data-element_type=\"widget\" data-e-type=\"widget\" data-widget_type=\"spacer.default\">\n\t\t\t\t\t\t\t<div class=\"elementor-spacer\">\n\t\t\t<div class=\"elementor-spacer-inner\"><\/div>\n\t\t<\/div>\n\t\t\t\t\t\t<\/div>\n\t\t\t\t<div class=\"elementor-element elementor-element-43b34eac sc_fly_static elementor-widget elementor-widget-trx_sc_title\" data-id=\"43b34eac\" data-element_type=\"widget\" data-e-type=\"widget\" data-widget_type=\"trx_sc_title.default\">\n\t\t\t\t<div class=\"elementor-widget-container\">\n\t\t\t\t\t<div\t\tclass=\"sc_title sc_title_default\" ><h2 class=\"sc_item_title sc_title_title sc_item_title_style_default sc_item_title_tag\"\n\t\t\t><span class=\"sc_item_title_text\">Contact us for more information<\/span><\/h2><\/div>\t\t\t\t<\/div>\n\t\t\t\t<\/div>\n\t\t\t\t<div class=\"elementor-element elementor-element-3bf6953a sc_fly_static elementor-widget elementor-widget-spacer\" data-id=\"3bf6953a\" data-element_type=\"widget\" data-e-type=\"widget\" data-widget_type=\"spacer.default\">\n\t\t\t\t\t\t\t<div class=\"elementor-spacer\">\n\t\t\t<div class=\"elementor-spacer-inner\"><\/div>\n\t\t<\/div>\n\t\t\t\t\t\t<\/div>\n\t\t\t\t<div class=\"elementor-element elementor-element-1b21e006 font-telefono sc_fly_static elementor-widget elementor-widget-trx_sc_icons\" data-id=\"1b21e006\" data-element_type=\"widget\" data-e-type=\"widget\" data-widget_type=\"trx_sc_icons.default\">\n\t\t\t\t<div class=\"elementor-widget-container\">\n\t\t\t\t\t<div \tclass=\"sc_icons sc_icons_simple sc_icons_size_small sc_align_none\" ><div class=\"sc_icons_item with_more\"><div class=\"sc_icons_item_details\"><div class=\"sc_icons_item_description\"><span>SUCRE ARIAS REYES Building, Ricardo Arango Avenue and 61st Street, Obarrio. P.O. Box 0816 01832 Panama, Republic of Panama.<\/span><\/div><\/div><\/div><div class=\"sc_icons_item with_more\"><div class=\"sc_icons_item_details\"><div class=\"sc_icons_item_description\"><span>From Monday to Friday<\/span><span>8:00 a.m. \u2013 5:00 p.m.<\/span><\/div><\/div><\/div><div class=\"sc_icons_item sc_icons_item_linked with_more\"><div class=\"sc_icons_item_details\"><a href=\"mailto:infosucre@sucre.net\" class=\"sc_icons_item_more_link\">\r\n                        <span class=\"link_text\">infosucre@sucre.net<\/span><span class=\"link_icon\"><\/span>\r\n                        <\/a><a href=\"mailto:infosucre@sucre.net\"\r\n                        class=\"sc_icons_item_link\">\r\n                        <\/a><\/div><\/div><div class=\"sc_icons_item sc_icons_item_linked with_more\"><div class=\"sc_icons_item_details\"><a href=\"tel:5072047900\" class=\"sc_icons_item_more_link\">\r\n                        <span class=\"link_text\">+507 204 7900<\/span><span class=\"link_icon\"><\/span>\r\n                        <\/a><a href=\"tel:5072047900\"\r\n                        class=\"sc_icons_item_link\">\r\n                        <\/a><\/div><\/div><\/div><!-- \/.sc_icons -->\t\t\t\t<\/div>\n\t\t\t\t<\/div>\n\t\t\t\t<div class=\"elementor-element elementor-element-6a782c16 sc_fly_static elementor-widget elementor-widget-spacer\" data-id=\"6a782c16\" data-element_type=\"widget\" data-e-type=\"widget\" data-widget_type=\"spacer.default\">\n\t\t\t\t\t\t\t<div class=\"elementor-spacer\">\n\t\t\t<div class=\"elementor-spacer-inner\"><\/div>\n\t\t<\/div>\n\t\t\t\t\t\t<\/div>\n\t\t\t\t<div class=\"elementor-element elementor-element-39ff094b sc_fly_static elementor-widget elementor-widget-trx_sc_socials\" data-id=\"39ff094b\" data-element_type=\"widget\" data-e-type=\"widget\" data-widget_type=\"trx_sc_socials.default\">\n\t\t\t\t<div class=\"elementor-widget-container\">\n\t\t\t\t\t<div  \n\t\tclass=\"sc_socials sc_socials_default sc_align_none\" ><div class=\"socials_wrap sc_item_content\"><a target=\"_blank\" rel=\"nofollow\" href=\"https:\/\/www.facebook.com\/SucreAriasReyes\/?locale=es_LA\" class=\"social_item social_item_style_icons sc_icon_type_icons social_item_type_icons\"><span class=\"social_icon social_icon_facebook-1\" style=\"\"><span class=\"screen-reader-text\">facebook-1<\/span><span class=\"icon-facebook-1\"><\/span><\/span><\/a><a target=\"_blank\" rel=\"nofollow\" href=\"https:\/\/www.instagram.com\/sarpanama\/\" class=\"social_item social_item_style_icons sc_icon_type_icons social_item_type_icons\"><span class=\"social_icon social_icon_instagram\" style=\"\"><span class=\"screen-reader-text\">instagram<\/span><span class=\"icon-instagram\"><\/span><\/span><\/a><a target=\"_blank\" rel=\"nofollow\" href=\"https:\/\/pa.linkedin.com\/company\/sucre-arias-reyes\" class=\"social_item social_item_style_icons sc_icon_type_icons social_item_type_icons\"><span class=\"social_icon social_icon_linkedin\" style=\"\"><span class=\"screen-reader-text\">linkedin<\/span><span class=\"icon-linkedin\"><\/span><\/span><\/a><\/div><\/div>\t\t\t\t<\/div>\n\t\t\t\t<\/div>\n\t\t\t\t<div class=\"elementor-element elementor-element-d3de77e sc_height_medium sc_layouts_hide_on_wide sc_layouts_hide_on_desktop sc_layouts_hide_on_notebook sc_layouts_hide_on_tablet sc_fly_static elementor-widget elementor-widget-spacer\" data-id=\"d3de77e\" data-element_type=\"widget\" data-e-type=\"widget\" data-widget_type=\"spacer.default\">\n\t\t\t\t\t\t\t<div class=\"elementor-spacer\">\n\t\t\t<div class=\"elementor-spacer-inner\"><\/div>\n\t\t<\/div>\n\t\t\t\t\t\t<\/div>\n\t\t\t\t\t<\/div>\n\t\t<\/div>\n\t\t\t\t<div class=\"elementor-column elementor-col-50 elementor-inner-column elementor-element elementor-element-4d3dc2c2 sc_content_align_inherit sc_layouts_column_icons_position_left sc_fly_static\" data-id=\"4d3dc2c2\" data-element_type=\"column\" data-e-type=\"column\">\n\t\t\t<div class=\"elementor-widget-wrap elementor-element-populated\">\n\t\t\t\t\t\t<div class=\"elementor-element elementor-element-5fa8de25 sc_fly_static elementor-widget elementor-widget-trx_sc_contact_form_7\" data-id=\"5fa8de25\" data-element_type=\"widget\" data-e-type=\"widget\" data-widget_type=\"trx_sc_contact_form_7.default\">\n\t\t\t\t<div class=\"elementor-widget-container\">\n\t\t\t\t\t\n<div class=\"wpcf7 no-js\" id=\"wpcf7-f1324-o1\" lang=\"en-US\" dir=\"ltr\" data-wpcf7-id=\"1324\">\n<div class=\"screen-reader-response\"><p role=\"status\" aria-live=\"polite\" aria-atomic=\"true\"><\/p> <ul><\/ul><\/div>\n<form action=\"\/en\/wp-json\/wp\/v2\/pages\/1440#wpcf7-f1324-o1\" method=\"post\" class=\"wpcf7-form init\" aria-label=\"Contact form\" novalidate=\"novalidate\" data-status=\"init\" data-trp-original-action=\"\/en\/wp-json\/wp\/v2\/pages\/1440#wpcf7-f1324-o1\">\n<fieldset class=\"hidden-fields-container\"><input type=\"hidden\" name=\"_wpcf7\" value=\"1324\" \/><input type=\"hidden\" name=\"_wpcf7_version\" value=\"6.1.5\" \/><input type=\"hidden\" name=\"_wpcf7_locale\" value=\"en_US\" \/><input type=\"hidden\" name=\"_wpcf7_unit_tag\" value=\"wpcf7-f1324-o1\" \/><input type=\"hidden\" name=\"_wpcf7_container_post\" value=\"0\" \/><input type=\"hidden\" name=\"_wpcf7_posted_data_hash\" value=\"\" \/><input type=\"hidden\" name=\"_wpcf7dtx_version\" value=\"5.0.5\" \/><input type=\"hidden\" name=\"_wpcf7_recaptcha_response\" value=\"\" \/>\n<\/fieldset>\n<div class=\"form-style-3\">\n\t<div class=\"columns_wrap\">\n\t\t<div class=\"column-1_2\">\n\t\t\t<p><span class=\"style-line icon-name\"><span class=\"wpcf7-form-control-wrap\" data-name=\"your-name\"><input size=\"40\" maxlength=\"400\" class=\"wpcf7-form-control wpcf7-text wpcf7-validates-as-required\" aria-required=\"true\" aria-invalid=\"false\" placeholder=\"Name\" value=\"\" type=\"text\" name=\"your-name\" \/><\/span><\/span>\n\t\t\t<\/p>\n\t\t<\/div>\n\t\t<div class=\"column-1_2\">\n\t\t\t<p><span class=\"style-line icon-email\"><span class=\"wpcf7-form-control-wrap\" data-name=\"your-email\"><input size=\"40\" maxlength=\"400\" class=\"wpcf7-form-control wpcf7-email wpcf7-validates-as-required wpcf7-text wpcf7-validates-as-email\" aria-required=\"true\" aria-invalid=\"false\" placeholder=\"Email\" value=\"\" type=\"email\" name=\"your-email\" \/><\/span><\/span>\n\t\t\t<\/p>\n\t\t<\/div>\n\t<\/div>\n\t<div class=\"columns_wrap\">\n\t\t<div class=\"column-1_2\">\n\t\t\t<p><span class=\"style-line icon-phone\"><span class=\"wpcf7-form-control-wrap\" data-name=\"phone\"><input size=\"40\" maxlength=\"400\" class=\"wpcf7-form-control wpcf7-tel wpcf7-validates-as-required wpcf7-text wpcf7-validates-as-tel\" aria-required=\"true\" aria-invalid=\"false\" placeholder=\"Phone\" value=\"\" type=\"tel\" name=\"phone\" \/><\/span><\/span>\n\t\t\t<\/p>\n\t\t<\/div>\n\t\t<div class=\"column-1_2\">\n\t\t\t<p><span class=\"style-line icon-subject\"><span class=\"wpcf7-form-control-wrap\" data-name=\"subject\"><input size=\"40\" maxlength=\"400\" class=\"wpcf7-form-control wpcf7-text wpcf7-validates-as-required\" aria-required=\"true\" aria-invalid=\"false\" placeholder=\"Subject\" value=\"\" type=\"text\" name=\"subject\" \/><\/span><\/span>\n\t\t\t<\/p>\n\t\t<\/div>\n\t<\/div>\n\t<div class=\"columns_wrap margin-bottom\">\n\t\t<div class=\"column-1_1\">\n\t\t\t<p><span class=\"style-line icon-textarea\"><span class=\"wpcf7-form-control-wrap\" data-name=\"your-message\"><textarea cols=\"40\" rows=\"10\" maxlength=\"2000\" class=\"wpcf7-form-control wpcf7-textarea wpcf7-validates-as-required\" aria-required=\"true\" aria-invalid=\"false\" placeholder=\"\u00bfHow can we help you? Contact us!\" name=\"your-message\"><\/textarea><\/span><\/span>\n\t\t\t<\/p>\n\t\t<\/div>\n\t<\/div>\n\t<p><span class=\"wpcf7-form-control-wrap\" data-name=\"acceptance\"><span class=\"wpcf7-form-control wpcf7-acceptance\"><span class=\"wpcf7-list-item\"><label><input type=\"checkbox\" name=\"acceptance\" value=\"1\" aria-invalid=\"false\" \/><span class=\"wpcf7-list-item-label\">I agree with the <a href=\"\/en\/privacy-policy\/\">Privacy Policy<\/a>.<\/span><\/label><\/span><\/span><\/span><br \/>\n<input class=\"wpcf7-form-control wpcf7-submit has-spinner\" type=\"submit\" value=\"Send\" \/>\n\t<\/p>\n<\/div><input type='hidden' class='wpcf7-pum' value='{\"closepopup\":false,\"closedelay\":0,\"openpopup\":false,\"openpopup_id\":0}' \/><div class=\"wpcf7-response-output\" aria-hidden=\"true\"><\/div>\n<input type=\"hidden\" name=\"trp-form-language\" value=\"en\"\/><\/form>\n<\/div>\n\t\t\t\t<\/div>\n\t\t\t\t<\/div>\n\t\t\t\t\t<\/div>\n\t\t<\/div>\n\t\t\t\t\t<\/div>\n\t\t<\/section>\n\t\t\t\t<div class=\"elementor-element elementor-element-6fc0fd27 sc_height_huge sc_fly_static elementor-widget elementor-widget-spacer\" data-id=\"6fc0fd27\" data-element_type=\"widget\" data-e-type=\"widget\" data-widget_type=\"spacer.default\">\n\t\t\t\t\t\t\t<div class=\"elementor-spacer\">\n\t\t\t<div class=\"elementor-spacer-inner\"><\/div>\n\t\t<\/div>\n\t\t\t\t\t\t<\/div>\n\t\t\t\t\t<\/div>\n\t\t<\/div>\n\t\t\t\t\t<\/div>\n\t\t<\/section>\n\t\t\t\t<section data-animation-type=\"block\" class=\"elementor-section elementor-top-section elementor-element elementor-element-7cdd9fba elementor-section-full_width elementor-section-height-default elementor-section-height-default animation_type_block sc_fly_static elementor-invisible\" data-id=\"7cdd9fba\" data-element_type=\"section\" data-e-type=\"section\" data-settings=\"{&quot;animation&quot;:&quot;notarius-fadeinup&quot;}\">\n\t\t\t\t\t\t<div class=\"elementor-container elementor-column-gap-no\">\n\t\t\t\t\t<div class=\"elementor-column elementor-col-100 elementor-top-column elementor-element elementor-element-701507a6 sc_content_align_inherit sc_layouts_column_icons_position_left sc_fly_static\" data-id=\"701507a6\" data-element_type=\"column\" data-e-type=\"column\">\n\t\t\t<div class=\"elementor-widget-wrap elementor-element-populated\">\n\t\t\t\t\t\t<div class=\"elementor-element elementor-element-461145b sc_fly_static elementor-widget elementor-widget-trx_sc_googlemap\" data-id=\"461145b\" data-element_type=\"widget\" data-e-type=\"widget\" data-widget_type=\"trx_sc_googlemap.default\">\n\t\t\t\t<div class=\"elementor-widget-container\">\n\t\t\t\t\t<div id=\"sc_googlemap_130535387_wrap\" class=\"sc_googlemap_wrap\"><div id=\"sc_googlemap_130535387\"\t\t\tclass=\"sc_item_content sc_map sc_googlemap sc_googlemap_default trx_addons_inline_302292503\"\n\t\t\t \t\t\tdata-zoom=\"15\"\n\t\t\tdata-center=\"\"\n\t\t\tdata-style=\"extra\"\n\t\t\tdata-map-id=\"\"\n\t\t\tdata-cluster-icon=\"https:\/\/sucre.net\/wp-content\/uploads\/2024\/03\/pin-location.png\"\n\t\t\t><iframe\n\t\t\t\t\t\tsrc=\"https:\/\/maps.google.com\/maps?t=m&output=embed&iwloc=near&z=15&q=8.987122642216463%2C+-79.51554788843671\"\n\t\t\t\t\t\taria-label=\"One\"><\/iframe><\/div><\/div>\t\t\t\t<\/div>\n\t\t\t\t<\/div>\n\t\t\t\t\t<\/div>\n\t\t<\/div>\n\t\t\t\t\t<\/div>\n\t\t<\/section>\n\t\t\t\t<\/div>","protected":false},"excerpt":{"rendered":"<p>CONTACTO Detalles de Contacto Edificio SUCRE ARIAS REYES, Avenida Ricardo Arango y calle 61, Obarrio. P.O. Box 0816 01832 Panam\u00e1, Rep\u00fablica de Panam\u00e1De lunes a viernes8:00 a.m. \u2013 5:00 p.m.&hellip;<\/p>","protected":false},"author":1,"featured_media":0,"parent":0,"menu_order":0,"comment_status":"closed","ping_status":"closed","template":"elementor_header_footer","meta":{"footnotes":""},"class_list":["post-1440","page","type-page","status-publish","hentry"],"yoast_head":"<!-- This site is optimized with the Yoast SEO plugin v27.4 - https:\/\/yoast.com\/product\/yoast-seo-wordpress\/ -->\n<title>Expertos Legales en Ciudad de Panam\u00e1, Panam\u00e1 | Contacto Sucre Arias Reyes<\/title>\n<meta name=\"description\" content=\"Conf\u00ede en nuestros expertos legales en Ciudad de Panam\u00e1, Panam\u00e1. Ofrecemos soluciones jur\u00eddicas personalizadas para empresas y particulares.\" \/>\n<meta name=\"robots\" content=\"index, follow, max-snippet:-1, max-image-preview:large, max-video-preview:-1\" \/>\n<link rel=\"canonical\" href=\"https:\/\/www.sucre.net\/en\/contact\/\" \/>\n<meta property=\"og:locale\" content=\"en_US\" \/>\n<meta property=\"og:type\" content=\"article\" \/>\n<meta property=\"og:title\" content=\"Expertos Legales en Ciudad de Panam\u00e1, Panam\u00e1 | Contacto Sucre Arias Reyes\" \/>\n<meta property=\"og:description\" content=\"Conf\u00ede en nuestros expertos legales en Ciudad de Panam\u00e1, Panam\u00e1. Ofrecemos soluciones jur\u00eddicas personalizadas para empresas y particulares.\" \/>\n<meta property=\"og:url\" content=\"https:\/\/www.sucre.net\/en\/contact\/\" \/>\n<meta property=\"og:site_name\" content=\"Sucre Arias Reyes\" \/>\n<meta property=\"article:publisher\" content=\"https:\/\/www.facebook.com\/SucreAriasReyes\/\" \/>\n<meta property=\"article:modified_time\" content=\"2025-01-16T14:59:34+00:00\" \/>\n<meta property=\"og:image\" content=\"https:\/\/www.sucre.net\/wp-content\/uploads\/2024\/06\/sucre-video-bkgn-hero-ok.webp\" \/>\n\t<meta property=\"og:image:width\" content=\"1920\" \/>\n\t<meta property=\"og:image:height\" content=\"1080\" \/>\n\t<meta property=\"og:image:type\" content=\"image\/webp\" \/>\n<meta name=\"twitter:card\" content=\"summary_large_image\" \/>\n<meta name=\"twitter:label1\" content=\"Est. reading time\" \/>\n\t<meta name=\"twitter:data1\" content=\"1 minute\" \/>\n<script type=\"application\/ld+json\" class=\"yoast-schema-graph\">{\"@context\":\"https:\\\/\\\/schema.org\",\"@graph\":[{\"@type\":\"WebPage\",\"@id\":\"https:\\\/\\\/www.sucre.net\\\/contacto\\\/\",\"url\":\"https:\\\/\\\/www.sucre.net\\\/contacto\\\/\",\"name\":\"Expertos Legales en Ciudad de Panam\u00e1, Panam\u00e1 | Contacto Sucre Arias Reyes\",\"isPartOf\":{\"@id\":\"https:\\\/\\\/www.sucre.net\\\/#website\"},\"datePublished\":\"2020-04-30T10:32:31+00:00\",\"dateModified\":\"2025-01-16T14:59:34+00:00\",\"description\":\"Conf\u00ede en nuestros expertos legales en Ciudad de Panam\u00e1, Panam\u00e1. Ofrecemos soluciones jur\u00eddicas personalizadas para empresas y particulares.\",\"breadcrumb\":{\"@id\":\"https:\\\/\\\/www.sucre.net\\\/contacto\\\/#breadcrumb\"},\"inLanguage\":\"en-US\",\"potentialAction\":[{\"@type\":\"ReadAction\",\"target\":[\"https:\\\/\\\/www.sucre.net\\\/contacto\\\/\"]}]},{\"@type\":\"BreadcrumbList\",\"@id\":\"https:\\\/\\\/www.sucre.net\\\/contacto\\\/#breadcrumb\",\"itemListElement\":[{\"@type\":\"ListItem\",\"position\":1,\"name\":\"Portada\",\"item\":\"https:\\\/\\\/www.sucre.net\\\/\"},{\"@type\":\"ListItem\",\"position\":2,\"name\":\"Contacto\"}]},{\"@type\":\"WebSite\",\"@id\":\"https:\\\/\\\/www.sucre.net\\\/#website\",\"url\":\"https:\\\/\\\/www.sucre.net\\\/\",\"name\":\"Sucre Arias Reyes\",\"description\":\"Firma de abogados en Panam\u00e1\",\"publisher\":{\"@id\":\"https:\\\/\\\/www.sucre.net\\\/#organization\"},\"potentialAction\":[{\"@type\":\"SearchAction\",\"target\":{\"@type\":\"EntryPoint\",\"urlTemplate\":\"https:\\\/\\\/www.sucre.net\\\/?s={search_term_string}\"},\"query-input\":{\"@type\":\"PropertyValueSpecification\",\"valueRequired\":true,\"valueName\":\"search_term_string\"}}],\"inLanguage\":\"en-US\"},{\"@type\":\"Organization\",\"@id\":\"https:\\\/\\\/www.sucre.net\\\/#organization\",\"name\":\"Sucre Arias Reyes\",\"url\":\"https:\\\/\\\/www.sucre.net\\\/\",\"logo\":{\"@type\":\"ImageObject\",\"inLanguage\":\"en-US\",\"@id\":\"https:\\\/\\\/www.sucre.net\\\/#\\\/schema\\\/logo\\\/image\\\/\",\"url\":\"https:\\\/\\\/www.sucre.net\\\/wp-content\\\/uploads\\\/2024\\\/02\\\/logo-sucre.png\",\"contentUrl\":\"https:\\\/\\\/www.sucre.net\\\/wp-content\\\/uploads\\\/2024\\\/02\\\/logo-sucre.png\",\"width\":800,\"height\":426,\"caption\":\"Sucre Arias Reyes\"},\"image\":{\"@id\":\"https:\\\/\\\/www.sucre.net\\\/#\\\/schema\\\/logo\\\/image\\\/\"},\"sameAs\":[\"https:\\\/\\\/www.facebook.com\\\/SucreAriasReyes\\\/\",\"https:\\\/\\\/www.instagram.com\\\/sarpanama\\\/\",\"https:\\\/\\\/pa.linkedin.com\\\/company\\\/sucre-arias-reyes\"]}]}<\/script>\n<!-- \/ Yoast SEO plugin. -->","yoast_head_json":{"title":"Legal Experts in Panama City, Panama : Contact Sucre Arias Reyes","description":"Trust our legal experts in Panama City, Panama. We offer customized legal solutions for businesses and individuals.","robots":{"index":"index","follow":"follow","max-snippet":"max-snippet:-1","max-image-preview":"max-image-preview:large","max-video-preview":"max-video-preview:-1"},"canonical":"https:\/\/www.sucre.net\/en\/contact\/","og_locale":"en_US","og_type":"article","og_title":"Expertos Legales en Ciudad de Panam\u00e1, Panam\u00e1 | Contacto Sucre Arias Reyes","og_description":"Conf\u00ede en nuestros expertos legales en Ciudad de Panam\u00e1, Panam\u00e1. Ofrecemos soluciones jur\u00eddicas personalizadas para empresas y particulares.","og_url":"https:\/\/www.sucre.net\/en\/contact\/","og_site_name":"Sucre Arias Reyes","article_publisher":"https:\/\/www.facebook.com\/SucreAriasReyes\/","article_modified_time":"2025-01-16T14:59:34+00:00","og_image":[{"width":1920,"height":1080,"url":"https:\/\/www.sucre.net\/wp-content\/uploads\/2024\/06\/sucre-video-bkgn-hero-ok.webp","type":"image\/webp"}],"twitter_card":"summary_large_image","twitter_misc":{"Est. reading time":"1 minute"},"schema":{"@context":"https:\/\/schema.org","@graph":[{"@type":"WebPage","@id":"https:\/\/www.sucre.net\/contacto\/","url":"https:\/\/www.sucre.net\/contacto\/","name":"Legal Experts in Panama City, Panama : Contact Sucre Arias Reyes","isPartOf":{"@id":"https:\/\/www.sucre.net\/#website"},"datePublished":"2020-04-30T10:32:31+00:00","dateModified":"2025-01-16T14:59:34+00:00","description":"Trust our legal experts in Panama City, Panama. We offer customized legal solutions for businesses and individuals.","breadcrumb":{"@id":"https:\/\/www.sucre.net\/contacto\/#breadcrumb"},"inLanguage":"en-US","potentialAction":[{"@type":"ReadAction","target":["https:\/\/www.sucre.net\/contacto\/"]}]},{"@type":"BreadcrumbList","@id":"https:\/\/www.sucre.net\/contacto\/#breadcrumb","itemListElement":[{"@type":"ListItem","position":1,"name":"Portada","item":"https:\/\/www.sucre.net\/"},{"@type":"ListItem","position":2,"name":"Contacto"}]},{"@type":"WebSite","@id":"https:\/\/www.sucre.net\/#website","url":"https:\/\/www.sucre.net\/","name":"Sucre Arias Reyes","description":"Law firm in Panama","publisher":{"@id":"https:\/\/www.sucre.net\/#organization"},"potentialAction":[{"@type":"SearchAction","target":{"@type":"EntryPoint","urlTemplate":"https:\/\/www.sucre.net\/?s={search_term_string}"},"query-input":{"@type":"PropertyValueSpecification","valueRequired":true,"valueName":"search_term_string"}}],"inLanguage":"en-US"},{"@type":"Organization","@id":"https:\/\/www.sucre.net\/#organization","name":"Sucre Arias Reyes","url":"https:\/\/www.sucre.net\/","logo":{"@type":"ImageObject","inLanguage":"en-US","@id":"https:\/\/www.sucre.net\/#\/schema\/logo\/image\/","url":"https:\/\/www.sucre.net\/wp-content\/uploads\/2024\/02\/logo-sucre.png","contentUrl":"https:\/\/www.sucre.net\/wp-content\/uploads\/2024\/02\/logo-sucre.png","width":800,"height":426,"caption":"Sucre Arias Reyes"},"image":{"@id":"https:\/\/www.sucre.net\/#\/schema\/logo\/image\/"},"sameAs":["https:\/\/www.facebook.com\/SucreAriasReyes\/","https:\/\/www.instagram.com\/sarpanama\/","https:\/\/pa.linkedin.com\/company\/sucre-arias-reyes"]}]}},"_links":{"self":[{"href":"https:\/\/www.sucre.net\/en\/wp-json\/wp\/v2\/pages\/1440","targetHints":{"allow":["GET"]}}],"collection":[{"href":"https:\/\/www.sucre.net\/en\/wp-json\/wp\/v2\/pages"}],"about":[{"href":"https:\/\/www.sucre.net\/en\/wp-json\/wp\/v2\/types\/page"}],"author":[{"embeddable":true,"href":"https:\/\/www.sucre.net\/en\/wp-json\/wp\/v2\/users\/1"}],"replies":[{"embeddable":true,"href":"https:\/\/www.sucre.net\/en\/wp-json\/wp\/v2\/comments?post=1440"}],"version-history":[{"count":1,"href":"https:\/\/www.sucre.net\/en\/wp-json\/wp\/v2\/pages\/1440\/revisions"}],"predecessor-version":[{"id":37413,"href":"https:\/\/www.sucre.net\/en\/wp-json\/wp\/v2\/pages\/1440\/revisions\/37413"}],"wp:attachment":[{"href":"https:\/\/www.sucre.net\/en\/wp-json\/wp\/v2\/media?parent=1440"}],"curies":[{"name":"wp","href":"https:\/\/api.w.org\/{rel}","templated":true}]}}